{"id":778,"date":"2020-08-05T16:16:44","date_gmt":"2020-08-05T14:16:44","guid":{"rendered":"http:\/\/hotelalvarubeda.es\/?page_id=778"},"modified":"2020-11-05T12:41:45","modified_gmt":"2020-11-05T11:41:45","slug":"widget-reserva","status":"publish","type":"page","link":"http:\/\/hotelalvarubeda.es\/index.php\/widget-reserva\/","title":{"rendered":"Widget Reserva"},"content":{"rendered":"<p>[et_pb_section fb_built=\u00bb1&#8243; _builder_version=\u00bb3.29.3&#8243; background_image=\u00bbhttp:\/\/hotelalvarubeda.es\/wp-content\/uploads\/2020\/07\/header-contacto-1.png\u00bb fb_built=\u00bb1&#8243; _i=\u00bb0&#8243; _address=\u00bb0&#8243;][et_pb_row _builder_version=\u00bb3.29.3&#8243; _i=\u00bb0&#8243; _address=\u00bb0.0&#8243;][et_pb_column type=\u00bb4_4&#8243; _builder_version=\u00bb3.29.3&#8243; _i=\u00bb0&#8243; _address=\u00bb0.0.0&#8243;][et_pb_divider show_divider=\u00bboff\u00bb _builder_version=\u00bb3.29.3&#8243; height=\u00bb100px\u00bb _i=\u00bb0&#8243; _address=\u00bb0.0.0.0&#8243;][\/et_pb_divider][et_pb_image src=\u00bbhttp:\/\/hotelalvarubeda.es\/wp-content\/uploads\/2020\/02\/logo.png\u00bb align=\u00bbcenter\u00bb _builder_version=\u00bb3.29.3&#8243; width=\u00bb35%\u00bb animation_style=\u00bbslide\u00bb _i=\u00bb1&#8243; _address=\u00bb0.0.0.1&#8243;][\/et_pb_image][et_pb_text _builder_version=\u00bb3.29.3&#8243; animation_style=\u00bbslide\u00bb _i=\u00bb2&#8243; _address=\u00bb0.0.0.2&#8243;]<\/p>\n<h2 style=\"text-align: center;\"><span style=\"color: #ffffff;\">Tu hotel en el casco hist\u00f3rico de \u00dabeda<\/span><\/h2>\n<p>[\/et_pb_text][et_pb_text _builder_version=\u00bb3.29.3&#8243; animation_style=\u00bbslide\u00bb _i=\u00bb3&#8243; _address=\u00bb0.0.0.3&#8243;]<\/p>\n<h6 style=\"text-align: center;\"><span style=\"color: #ffffff;\">Solicita informaci\u00f3n sobre reservas de habitaciones, eventos y visitas guiadas.\u00a0<\/span><\/h6>\n<p>[\/et_pb_text][\/et_pb_column][\/et_pb_row][\/et_pb_section][et_pb_section fb_built=\u00bb1&#8243; _builder_version=\u00bb3.29.3&#8243; fb_built=\u00bb1&#8243; _i=\u00bb1&#8243; _address=\u00bb1&#8243;][et_pb_row _builder_version=\u00bb3.29.3&#8243; _i=\u00bb0&#8243; _address=\u00bb1.0&#8243;][et_pb_column type=\u00bb4_4&#8243; _builder_version=\u00bb3.29.3&#8243; _i=\u00bb0&#8243; _address=\u00bb1.0.0&#8243;][et_pb_code _builder_version=\u00bb3.29.3&#8243; hover_enabled=\u00bb0&#8243; _i=\u00bb0&#8243; _address=\u00bb1.0.0.0&#8243;]<!-- Capa Buscador - MrPlan  - Powered by RuralGest  --><!-- [et_pb_line_break_holder] --><\/p>\n<div id=\"TEwsBuscadorB-1-1-580897-\" class=\"TEwsWidgetInc capa_izq ancho_total\" BudgetV=\"2\" mini_preview_V=\"2\" url_confirmacion=\"http:\/\/hotelalvarubeda.es\/index.php\/confirmacion\" TEws_Hash=\"cebc42962d6cf001e7a7ece91add2e94fc7bb511\" TEws_onSearch=\"\" TEws_version=\"10\" TEws_tipo_widget=\"2\" BV7_tipo_inicio=\"0\" BV7_cambio_inicio=\"0\" TEws_quitar_cabecera=\"0\" TEws_iniciar_cerrado=\"0\" TEws_bus_texto=\"0\" TEws_sel_dispo=\"0\" TEws_form_contacto=\"0\"  TEws_result_in_esl=\"0\" TEws_result_in_ext=\"0\" TEws_cerrar_buscar=\"0\" TEws_ver_resto_casas=\"0\" TEws_id_elemento=\"580897\" TEws_tipo_elemento=\"1\" TEws_activar_mas_menos=\"1\" TEws_posicion=\"original\" TEws_formato=\"2\" TEws_formato_ficha=\"10\" TEws_CoreSearch_V=\"7\"  TEws_id_categoria=\"0\" TEws_modo=\"RES\"  TEws_fecha_ini=\"\" TEws_n_noches=\"2\" TEws_n_adultos=\"2\" TEws_n_ninos=\"0\" TEws_radio=\"0\" TEsw_filtro_exp=\"\" TEws_filtro_casa=\"\" TEws_autoload=\"0\" TEws_id_destino=\"1\" TEws_id_puntoventa=\"5696\" TEws_id_idioma=\"0\" TEwsResultadoCoreSearch=\"TEwsResultCoreSearch-1-1-580897-\" alt=\"MisterPlan  - Powered by RuralGest  - http:\/\/www.misterplan.es\" title_NO=\"MisterPlan  - Powered by RuralGest \"><\/div>\n<p>[\/et_pb_code][\/et_pb_column][\/et_pb_row][et_pb_row _builder_version=\u00bb3.29.3&#8243; _i=\u00bb1&#8243; _address=\u00bb1.1&#8243;][et_pb_column type=\u00bb4_4&#8243; _builder_version=\u00bb3.29.3&#8243; _i=\u00bb0&#8243; _address=\u00bb1.1.0&#8243;][et_pb_code _builder_version=\u00bb3.29.3&#8243; _i=\u00bb0&#8243; _address=\u00bb1.1.0.0&#8243;]<!-- Resultado para el CoreSearch de Experiencias \/ Casas - MisterPlan  - Powered by RuralGest  --><!-- [et_pb_line_break_holder] --><\/p>\n<div id=\"TEwsResultCoreSearch-1-1-580897-\" class=\"capa_izq TEwsBuscador_Experiencias_evnt\" style=\"width: 100%; margin-top: 20px;\" alt_NO=\"MisterPlan  - Powered by RuralGest  - http:\/\/www.misterplan.es\" title_NO=\"MisterPlan  - Powered by RuralGest \"><\/div>\n<p>[\/et_pb_code][\/et_pb_column][\/et_pb_row][\/et_pb_section]<\/p>\n","protected":false},"excerpt":{"rendered":"<p>Tu hotel en el casco hist\u00f3rico de \u00dabedaSolicita informaci\u00f3n sobre reservas de habitaciones, eventos y visitas guiadas.\u00a0<\/p>\n","protected":false},"author":2,"featured_media":0,"parent":0,"menu_order":0,"comment_status":"closed","ping_status":"closed","template":"","meta":{"_et_pb_use_builder":"on","_et_pb_old_content":"","_et_gb_content_width":""},"_links":{"self":[{"href":"http:\/\/hotelalvarubeda.es\/index.php\/wp-json\/wp\/v2\/pages\/778"}],"collection":[{"href":"http:\/\/hotelalvarubeda.es\/index.php\/wp-json\/wp\/v2\/pages"}],"about":[{"href":"http:\/\/hotelalvarubeda.es\/index.php\/wp-json\/wp\/v2\/types\/page"}],"author":[{"embeddable":true,"href":"http:\/\/hotelalvarubeda.es\/index.php\/wp-json\/wp\/v2\/users\/2"}],"replies":[{"embeddable":true,"href":"http:\/\/hotelalvarubeda.es\/index.php\/wp-json\/wp\/v2\/comments?post=778"}],"version-history":[{"count":7,"href":"http:\/\/hotelalvarubeda.es\/index.php\/wp-json\/wp\/v2\/pages\/778\/revisions"}],"predecessor-version":[{"id":809,"href":"http:\/\/hotelalvarubeda.es\/index.php\/wp-json\/wp\/v2\/pages\/778\/revisions\/809"}],"wp:attachment":[{"href":"http:\/\/hotelalvarubeda.es\/index.php\/wp-json\/wp\/v2\/media?parent=778"}],"curies":[{"name":"wp","href":"https:\/\/api.w.org\/{rel}","templated":true}]}}