{"id":441,"date":"2020-07-13T11:11:19","date_gmt":"2020-07-13T11:11:19","guid":{"rendered":"http:\/\/hotelalvarubeda.es\/?page_id=441"},"modified":"2021-07-14T14:23:13","modified_gmt":"2021-07-14T12:23:13","slug":"entorno-hotel","status":"publish","type":"page","link":"http:\/\/hotelalvarubeda.es\/index.php\/entorno-hotel\/","title":{"rendered":"Entorno Hotel"},"content":{"rendered":"<p>[et_pb_section fb_built=\u00bb1&#8243; _builder_version=\u00bb3.29.3&#8243; background_image=\u00bbhttp:\/\/hotelalvarubeda.es\/wp-content\/uploads\/2020\/07\/header-entorno.png\u00bb][et_pb_row _builder_version=\u00bb3.29.3&#8243;][et_pb_column type=\u00bb4_4&#8243; _builder_version=\u00bb3.29.3&#8243;][et_pb_divider show_divider=\u00bboff\u00bb _builder_version=\u00bb3.29.3&#8243; height=\u00bb100px\u00bb][\/et_pb_divider][et_pb_image src=\u00bbhttp:\/\/hotelalvarubeda.es\/wp-content\/uploads\/2020\/02\/logo.png\u00bb align=\u00bbcenter\u00bb _builder_version=\u00bb3.29.3&#8243; width=\u00bb35%\u00bb animation_style=\u00bbslide\u00bb][\/et_pb_image][\/et_pb_column][\/et_pb_row][et_pb_row _builder_version=\u00bb3.29.3&#8243;][et_pb_column type=\u00bb4_4&#8243; _builder_version=\u00bb3.29.3&#8243;][et_pb_text _builder_version=\u00bb3.29.3&#8243; animation_style=\u00bbslide\u00bb]<\/p>\n<h1 style=\"text-align: center;\"><span style=\"color: #ffffff;\">\u00dabeda, uno de los pueblos m\u00e1s bonitos de Espa\u00f1a<\/span><\/h1>\n<p>[\/et_pb_text][\/et_pb_column][\/et_pb_row][\/et_pb_section][et_pb_section fb_built=\u00bb1&#8243; module_class=\u00bbsection-bookingform\u00bb _builder_version=\u00bb3.29.3&#8243; background_color=\u00bb#2d3b42&#8243; custom_padding=\u00bb0px||0px|||\u00bb global_module=\u00bb628&#8243; saved_tabs=\u00bball\u00bb][et_pb_row _builder_version=\u00bb4.7.1&#8243; _module_preset=\u00bbdefault\u00bb][et_pb_column type=\u00bb4_4&#8243; _builder_version=\u00bb4.7.1&#8243; _module_preset=\u00bbdefault\u00bb][\/et_pb_column][\/et_pb_row][\/et_pb_section][et_pb_section fb_built=\u00bb1&#8243; _builder_version=\u00bb3.29.3&#8243;][et_pb_row _builder_version=\u00bb3.29.3&#8243;][et_pb_column type=\u00bb4_4&#8243; _builder_version=\u00bb3.29.3&#8243;][et_pb_text module_class=\u00bbsection-title\u00bb _builder_version=\u00bb3.29.3&#8243; animation_style=\u00bbfade\u00bb]<\/p>\n<h6 style=\"text-align: center;\">UNA EXPERIENCIA INOLVIDABLE<\/h6>\n<p>[\/et_pb_text][\/et_pb_column][\/et_pb_row][et_pb_row _builder_version=\u00bb3.29.3&#8243;][et_pb_column type=\u00bb4_4&#8243; _builder_version=\u00bb3.29.3&#8243;][et_pb_text _builder_version=\u00bb3.29.3&#8243; text_font_size=\u00bb39px\u00bb animation_style=\u00bbfade\u00bb]<\/p>\n<h2 style=\"text-align: center;\">Ciudad Patrimonio<\/h2>\n<h2 style=\"text-align: center;\">de la Humanidad<\/h2>\n<p>[\/et_pb_text][\/et_pb_column][\/et_pb_row][et_pb_row _builder_version=\u00bb3.29.3&#8243;][et_pb_column type=\u00bb4_4&#8243; _builder_version=\u00bb3.29.3&#8243;][et_pb_text _builder_version=\u00bb3.29.3&#8243; animation_style=\u00bbfade\u00bb]<\/p>\n<h6 style=\"text-align: center;\">enclave perfecto para un fin de semana rom\u00e1ntico de paseos entre palacios y edificios renacentistas.<\/h6>\n<p>[\/et_pb_text][\/et_pb_column][\/et_pb_row][et_pb_row _builder_version=\u00bb3.29.3&#8243;][et_pb_column type=\u00bb4_4&#8243; _builder_version=\u00bb3.29.3&#8243;][et_pb_text _builder_version=\u00bb4.9.7&#8243; text_font_size=\u00bb16px\u00bb animation_style=\u00bbfade\u00bb hover_enabled=\u00bb0&#8243; sticky_enabled=\u00bb0&#8243;]<\/p>\n<p style=\"text-align: center;\">En tu<strong> ruta por Ja\u00e9n<\/strong> no deben faltar \u00dabeda y Baeza, dos ciudades llenas de historia y encanto, ambas declaradas <em>Patrimonio Cultural de la Humanidad por la Unesco.<\/em><\/p>\n<p>[\/et_pb_text][et_pb_text _builder_version=\u00bb3.29.3&#8243; text_font_size=\u00bb16px\u00bb animation_style=\u00bbfade\u00bb]<\/p>\n<p style=\"text-align: center;\">A \u00dabeda la llaman<em>\u00a0\u00abla ciudad de los cerros\u00bb <\/em>y cuenta con m\u00e1s de 40 monumentos y una envidiable oferta gastron\u00f3mica, siempre con el aceite de oliva como pilar fundamental.<\/p>\n<p>[\/et_pb_text][et_pb_text _builder_version=\u00bb3.29.3&#8243; text_font_size=\u00bb16px\u00bb animation_style=\u00bbfade\u00bb]<\/p>\n<p style=\"text-align: center;\">Si buscas en las listas de <strong>pueblos m\u00e1s bonitos de Espa\u00f1a<\/strong> encontrar\u00e1s \u00dabeda como tesoro del renacimiento espa\u00f1ol. Y no solo por sus propias calles, sino por su enclave: frente al <strong>parque natural de Sierra M\u00e1gina<\/strong>.<\/p>\n<p>[\/et_pb_text][\/et_pb_column][\/et_pb_row][\/et_pb_section][et_pb_section fb_built=\u00bb1&#8243; _builder_version=\u00bb3.29.3&#8243; background_image=\u00bbhttp:\/\/hotelalvarubeda.es\/wp-content\/uploads\/2020\/07\/inferior.png\u00bb][et_pb_row _builder_version=\u00bb3.29.3&#8243;][et_pb_column type=\u00bb4_4&#8243; _builder_version=\u00bb3.29.3&#8243;][et_pb_text _builder_version=\u00bb3.29.3&#8243; animation_style=\u00bbfade\u00bb]<\/p>\n<h2 style=\"text-align: center;\"><span style=\"color: #ffffff;\">Nuestros 7 <\/span><\/h2>\n<h2 style=\"text-align: center;\"><span style=\"color: #ffffff;\">favoritos<\/span><\/h2>\n<p>[\/et_pb_text][\/et_pb_column][\/et_pb_row][et_pb_row _builder_version=\u00bb3.29.3&#8243;][et_pb_column type=\u00bb4_4&#8243; _builder_version=\u00bb3.29.3&#8243;][et_pb_text _builder_version=\u00bb3.29.3&#8243; animation_style=\u00bbfade\u00bb]<\/p>\n<h6 style=\"text-align: center;\"><span style=\"color: #ffffff;\">Qu\u00e9 ver en \u00dabeda<\/span><\/h6>\n<p>[\/et_pb_text][\/et_pb_column][\/et_pb_row][et_pb_row _builder_version=\u00bb3.29.3&#8243;][et_pb_column type=\u00bb4_4&#8243; _builder_version=\u00bb3.29.3&#8243;][\/et_pb_column][\/et_pb_row][\/et_pb_section][et_pb_section fb_built=\u00bb1&#8243; _builder_version=\u00bb3.29.3&#8243; custom_padding=\u00bb||0px|||\u00bb][et_pb_row column_structure=\u00bb1_4,1_4,1_4,1_4&#8243; _builder_version=\u00bb3.29.3&#8243; background_color=\u00bb#ffffff\u00bb custom_padding=\u00bb26px|28px|26px|28px|true|true\u00bb custom_css_main_element=\u00bbtop: -150px;\u00bb box_shadow_style=\u00bbpreset3&#8243;][et_pb_column type=\u00bb1_4&#8243; _builder_version=\u00bb3.29.3&#8243;][et_pb_image src=\u00bbhttp:\/\/hotelalvarubeda.es\/wp-content\/uploads\/2020\/07\/header-entorno.png\u00bb align=\u00bbcenter\u00bb _builder_version=\u00bb3.29.3&#8243; height=\u00bb150px\u00bb src__hover_enabled=\u00bboff|desktop\u00bb src__hover=\u00bbhttp:\/\/hotelalvarubeda.es\/wp-content\/uploads\/2020\/07\/header-entorno.png\u00bb height__hover_enabled=\u00bboff|desktop\u00bb transform_styles__hover_enabled=\u00bbon|desktop\u00bb transform_scale__hover_enabled=\u00bbon|desktop\u00bb transform_translate__hover_enabled=\u00bbon|desktop\u00bb transform_rotate__hover_enabled=\u00bbon|desktop\u00bb transform_skew__hover_enabled=\u00bbon|desktop\u00bb transform_origin__hover_enabled=\u00bbon|desktop\u00bb transform_scale__hover=\u00bb120%|120%\u00bb][\/et_pb_image][et_pb_text _builder_version=\u00bb3.29.3&#8243; text_font_size=\u00bb15px\u00bb]<\/p>\n<p><strong>1.<\/strong> Plaza V\u00e1zquez de Molina<\/p>\n<p>[\/et_pb_text][\/et_pb_column][et_pb_column type=\u00bb1_4&#8243; _builder_version=\u00bb3.29.3&#8243;][et_pb_image src=\u00bbhttp:\/\/hotelalvarubeda.es\/wp-content\/uploads\/2020\/06\/body.jpg\u00bb align=\u00bbcenter\u00bb _builder_version=\u00bb3.29.3&#8243; height=\u00bb150px\u00bb transform_styles__hover_enabled=\u00bbon|hover\u00bb transform_scale__hover_enabled=\u00bbon|hover\u00bb transform_translate__hover_enabled=\u00bbon|desktop\u00bb transform_rotate__hover_enabled=\u00bbon|desktop\u00bb transform_skew__hover_enabled=\u00bbon|desktop\u00bb transform_origin__hover_enabled=\u00bbon|desktop\u00bb transform_scale__hover=\u00bb120%|120%\u00bb][\/et_pb_image][et_pb_text _builder_version=\u00bb3.29.3&#8243; text_font_size=\u00bb15px\u00bb]<\/p>\n<p><strong>2.<\/strong> Hospital de Santiago<\/p>\n<p>[\/et_pb_text][\/et_pb_column][et_pb_column type=\u00bb1_4&#8243; _builder_version=\u00bb3.29.3&#8243;][et_pb_image src=\u00bbhttp:\/\/hotelalvarubeda.es\/wp-content\/uploads\/2020\/07\/sinagoga.png\u00bb align=\u00bbcenter\u00bb _builder_version=\u00bb3.29.3&#8243; height=\u00bb150px\u00bb transform_styles__hover_enabled=\u00bbon|hover\u00bb transform_scale__hover_enabled=\u00bbon|hover\u00bb transform_translate__hover_enabled=\u00bbon|desktop\u00bb transform_rotate__hover_enabled=\u00bbon|desktop\u00bb transform_skew__hover_enabled=\u00bbon|desktop\u00bb transform_origin__hover_enabled=\u00bbon|desktop\u00bb transform_scale__hover=\u00bb120%|120%\u00bb][\/et_pb_image][et_pb_text _builder_version=\u00bb3.29.3&#8243; text_font_size=\u00bb15px\u00bb]<\/p>\n<p><strong>3.<\/strong> Sinagoga del agua<\/p>\n<p>[\/et_pb_text][\/et_pb_column][et_pb_column type=\u00bb1_4&#8243; _builder_version=\u00bb3.29.3&#8243;][et_pb_image src=\u00bbhttp:\/\/hotelalvarubeda.es\/wp-content\/uploads\/2020\/06\/header-2.jpg\u00bb align=\u00bbcenter\u00bb _builder_version=\u00bb3.29.3&#8243; height=\u00bb150px\u00bb transform_styles__hover_enabled=\u00bbon|desktop\u00bb transform_scale__hover_enabled=\u00bbon|desktop\u00bb transform_translate__hover_enabled=\u00bbon|desktop\u00bb transform_rotate__hover_enabled=\u00bbon|desktop\u00bb transform_skew__hover_enabled=\u00bbon|desktop\u00bb transform_origin__hover_enabled=\u00bbon|desktop\u00bb transform_scale__hover=\u00bb120%|120%\u00bb][\/et_pb_image][et_pb_text _builder_version=\u00bb3.29.3&#8243; text_font_size=\u00bb15px\u00bb]<\/p>\n<p><strong>4.<\/strong> Sacra Capilla del Salvador<\/p>\n<p>[\/et_pb_text][\/et_pb_column][\/et_pb_row][et_pb_row column_structure=\u00bb1_3,1_3,1_3&#8243; module_class=\u00bbshadow-box\u00bb _builder_version=\u00bb3.29.3&#8243; background_color=\u00bb#ffffff\u00bb custom_padding=\u00bb26px|37px|26px|37px|true|true\u00bb custom_css_main_element=\u00bbtop: -150px\u00bb box_shadow_style=\u00bbpreset3&#8243;][et_pb_column type=\u00bb1_3&#8243; _builder_version=\u00bb3.29.3&#8243;][et_pb_image src=\u00bbhttp:\/\/hotelalvarubeda.es\/wp-content\/uploads\/2020\/07\/header-entorno.png\u00bb align=\u00bbcenter\u00bb _builder_version=\u00bb3.29.3&#8243; width=\u00bb250px\u00bb height=\u00bb150px\u00bb transform_styles__hover_enabled=\u00bbon|desktop\u00bb transform_scale__hover_enabled=\u00bbon|desktop\u00bb transform_translate__hover_enabled=\u00bbon|desktop\u00bb transform_rotate__hover_enabled=\u00bbon|desktop\u00bb transform_skew__hover_enabled=\u00bbon|desktop\u00bb transform_origin__hover_enabled=\u00bbon|desktop\u00bb transform_scale__hover=\u00bb120%|120%\u00bb][\/et_pb_image][et_pb_text _builder_version=\u00bb3.29.3&#8243; text_font_size=\u00bb15px\u00bb]<\/p>\n<p style=\"text-align: center;\"><strong>5.<\/strong>\u00a0Centro de Interpretaci\u00f3n Olivar y Aceite<\/p>\n<p>[\/et_pb_text][\/et_pb_column][et_pb_column type=\u00bb1_3&#8243; _builder_version=\u00bb3.29.3&#8243;][et_pb_image src=\u00bbhttp:\/\/hotelalvarubeda.es\/wp-content\/uploads\/2020\/07\/alfareria.png\u00bb align=\u00bbcenter\u00bb _builder_version=\u00bb3.29.3&#8243; width=\u00bb250px\u00bb height=\u00bb150px\u00bb transform_styles__hover_enabled=\u00bbon|hover\u00bb transform_scale__hover_enabled=\u00bbon|hover\u00bb transform_translate__hover_enabled=\u00bbon|desktop\u00bb transform_rotate__hover_enabled=\u00bbon|desktop\u00bb transform_skew__hover_enabled=\u00bbon|desktop\u00bb transform_origin__hover_enabled=\u00bbon|desktop\u00bb transform_scale__hover=\u00bb120%|120%\u00bb][\/et_pb_image][et_pb_text _builder_version=\u00bb3.29.3&#8243; text_font_size=\u00bb15px\u00bb]<\/p>\n<p><strong>6.<\/strong> Museo de Alfarer\u00eda Paco Tito<\/p>\n<p>[\/et_pb_text][\/et_pb_column][et_pb_column type=\u00bb1_3&#8243; _builder_version=\u00bb3.29.3&#8243;][et_pb_image src=\u00bbhttp:\/\/hotelalvarubeda.es\/wp-content\/uploads\/2020\/07\/reales.png\u00bb align=\u00bbcenter\u00bb _builder_version=\u00bb3.29.3&#8243; width=\u00bb250px\u00bb height=\u00bb150px\u00bb transform_styles__hover_enabled=\u00bbon|desktop\u00bb transform_scale__hover_enabled=\u00bbon|desktop\u00bb transform_translate__hover_enabled=\u00bbon|desktop\u00bb transform_rotate__hover_enabled=\u00bbon|desktop\u00bb transform_skew__hover_enabled=\u00bbon|desktop\u00bb transform_origin__hover_enabled=\u00bbon|desktop\u00bb transform_scale__hover=\u00bb120%|120%\u00bb][\/et_pb_image][et_pb_text _builder_version=\u00bb3.29.3&#8243; text_font_size=\u00bb15px\u00bb]<\/p>\n<p><strong>7.<\/strong> Santa Mar\u00eda de los Reales Alc\u00e1zares<\/p>\n<p>[\/et_pb_text][\/et_pb_column][\/et_pb_row][et_pb_row _builder_version=\u00bb3.29.3&#8243; background_color=\u00bb#ffffff\u00bb custom_css_main_element=\u00bbtop:-150px\u00bb][et_pb_column type=\u00bb4_4&#8243; _builder_version=\u00bb3.29.3&#8243;][et_pb_divider color=\u00bb#d6d6d6&#8243; _builder_version=\u00bb3.29.3&#8243; width=\u00bb21%\u00bb module_alignment=\u00bbcenter\u00bb][\/et_pb_divider][\/et_pb_column][\/et_pb_row][et_pb_row _builder_version=\u00bb3.29.3&#8243; background_color=\u00bb#ffffff\u00bb custom_padding=\u00bb||53px|||\u00bb custom_css_main_element=\u00bbtop:-150px;\u00bb box_shadow_style=\u00bbpreset3&#8243;][et_pb_column type=\u00bb4_4&#8243; _builder_version=\u00bb3.29.3&#8243;][et_pb_text _builder_version=\u00bb3.29.3&#8243; animation_style=\u00bbfade\u00bb]<\/p>\n<p style=\"text-align: center;\">Imagina pasear por sus calles empedradas, rodear sus murallas, comprar alguna de sus artesan\u00edas o sentarte en una cantina para disfrutar de alguno de sus platos t\u00edpicos, como los <em>andrajos<\/em> o la <em>pipirrana<\/em>.<\/p>\n<p>[\/et_pb_text][et_pb_text _builder_version=\u00bb3.29.3&#8243; animation_style=\u00bbfade\u00bb]<\/p>\n<p style=\"text-align: center;\">La pregunta no es <strong>qu\u00e9 hacer en \u00dabeda<\/strong>.<\/p>\n<p>[\/et_pb_text][et_pb_text _builder_version=\u00bb3.29.3&#8243; animation_style=\u00bbfade\u00bb]<\/p>\n<p style=\"text-align: center;\">La pregunta es cu\u00e1ndo vas a volver.<\/p>\n<p>[\/et_pb_text][\/et_pb_column][\/et_pb_row][\/et_pb_section][et_pb_section fb_built=\u00bb1&#8243; _builder_version=\u00bb3.29.3&#8243;][et_pb_row _builder_version=\u00bb3.29.3&#8243;][et_pb_column type=\u00bb4_4&#8243; _builder_version=\u00bb3.29.3&#8243;][et_pb_text module_class=\u00bbsection-title\u00bb _builder_version=\u00bb3.29.3&#8243; animation_style=\u00bbfade\u00bb]<\/p>\n<h6 style=\"text-align: center;\">UNA EXPERIENCIA INOLVIDABLE<\/h6>\n<p>[\/et_pb_text][\/et_pb_column][\/et_pb_row][et_pb_row _builder_version=\u00bb3.29.3&#8243;][et_pb_column type=\u00bb4_4&#8243; _builder_version=\u00bb3.29.3&#8243;][et_pb_text _builder_version=\u00bb3.29.3&#8243; text_font_size=\u00bb43px\u00bb animation_style=\u00bbfade\u00bb text_font_size__hover_enabled=\u00bbon|desktop\u00bb]<\/p>\n<h2 style=\"text-align: center;\">Reserva tu alojamiento<\/h2>\n<h2 style=\"text-align: center;\">en el Hotel Alvar F\u00e1nez<\/h2>\n<p>[\/et_pb_text][et_pb_text _builder_version=\u00bb3.29.3&#8243; animation_style=\u00bbfade\u00bb]<\/p>\n<p style=\"text-align: center;\">y vive la experiencia completa de la ciudad renacentista desde un palacete del S.XVIII<\/p>\n<p>[\/et_pb_text][\/et_pb_column][\/et_pb_row][\/et_pb_section][et_pb_section fb_built=\u00bb1&#8243; _builder_version=\u00bb3.29.3&#8243;][et_pb_row _builder_version=\u00bb3.29.3&#8243; background_color=\u00bb#ffffff\u00bb custom_padding=\u00bb20px|20px|20px|20px|true|true\u00bb][et_pb_column type=\u00bb4_4&#8243; _builder_version=\u00bb3.29.3&#8243;][et_pb_contact_form email=\u00bbinfo@hotelalvarubeda.es\u00bb submit_button_text=\u00bbEnviar formulario\u00bb _builder_version=\u00bb3.29.3&#8243;][et_pb_contact_field field_id=\u00bbNombre\u00bb field_title=\u00bbNombre\u00bb _builder_version=\u00bb3.29.3&#8243; button_text_size__hover_enabled=\u00bboff\u00bb button_one_text_size__hover_enabled=\u00bboff\u00bb button_two_text_size__hover_enabled=\u00bboff\u00bb button_text_color__hover_enabled=\u00bboff\u00bb button_one_text_color__hover_enabled=\u00bboff\u00bb button_two_text_color__hover_enabled=\u00bboff\u00bb button_border_width__hover_enabled=\u00bboff\u00bb button_one_border_width__hover_enabled=\u00bboff\u00bb button_two_border_width__hover_enabled=\u00bboff\u00bb button_border_color__hover_enabled=\u00bboff\u00bb button_one_border_color__hover_enabled=\u00bboff\u00bb button_two_border_color__hover_enabled=\u00bboff\u00bb button_border_radius__hover_enabled=\u00bboff\u00bb button_one_border_radius__hover_enabled=\u00bboff\u00bb button_two_border_radius__hover_enabled=\u00bboff\u00bb button_letter_spacing__hover_enabled=\u00bboff\u00bb button_one_letter_spacing__hover_enabled=\u00bboff\u00bb button_two_letter_spacing__hover_enabled=\u00bboff\u00bb button_bg_color__hover_enabled=\u00bboff\u00bb button_one_bg_color__hover_enabled=\u00bboff\u00bb button_two_bg_color__hover_enabled=\u00bboff\u00bb][\/et_pb_contact_field][et_pb_contact_field field_id=\u00bbEmail\u00bb field_title=\u00bbEmail \u00bb field_type=\u00bbemail\u00bb _builder_version=\u00bb3.29.3&#8243; button_text_size__hover_enabled=\u00bboff\u00bb button_one_text_size__hover_enabled=\u00bboff\u00bb button_two_text_size__hover_enabled=\u00bboff\u00bb button_text_color__hover_enabled=\u00bboff\u00bb button_one_text_color__hover_enabled=\u00bboff\u00bb button_two_text_color__hover_enabled=\u00bboff\u00bb button_border_width__hover_enabled=\u00bboff\u00bb button_one_border_width__hover_enabled=\u00bboff\u00bb button_two_border_width__hover_enabled=\u00bboff\u00bb button_border_color__hover_enabled=\u00bboff\u00bb button_one_border_color__hover_enabled=\u00bboff\u00bb button_two_border_color__hover_enabled=\u00bboff\u00bb button_border_radius__hover_enabled=\u00bboff\u00bb button_one_border_radius__hover_enabled=\u00bboff\u00bb button_two_border_radius__hover_enabled=\u00bboff\u00bb button_letter_spacing__hover_enabled=\u00bboff\u00bb button_one_letter_spacing__hover_enabled=\u00bboff\u00bb button_two_letter_spacing__hover_enabled=\u00bboff\u00bb button_bg_color__hover_enabled=\u00bboff\u00bb button_one_bg_color__hover_enabled=\u00bboff\u00bb button_two_bg_color__hover_enabled=\u00bboff\u00bb][\/et_pb_contact_field][et_pb_contact_field field_id=\u00bbCiudad\u00bb field_title=\u00bbCiudad\u00bb _builder_version=\u00bb3.29.3&#8243;][\/et_pb_contact_field][et_pb_contact_field field_id=\u00bbTel\u00e9fono\u00bb field_title=\u00bbTel\u00e9fono\u00bb _builder_version=\u00bb3.29.3&#8243;][\/et_pb_contact_field][et_pb_contact_field field_id=\u00bbMensaje\u00bb field_title=\u00bbMensaje\u00bb field_type=\u00bbtext\u00bb fullwidth_field=\u00bbon\u00bb _builder_version=\u00bb3.29.3&#8243; button_text_size__hover_enabled=\u00bboff\u00bb button_one_text_size__hover_enabled=\u00bboff\u00bb button_two_text_size__hover_enabled=\u00bboff\u00bb button_text_color__hover_enabled=\u00bboff\u00bb button_one_text_color__hover_enabled=\u00bboff\u00bb button_two_text_color__hover_enabled=\u00bboff\u00bb button_border_width__hover_enabled=\u00bboff\u00bb button_one_border_width__hover_enabled=\u00bboff\u00bb button_two_border_width__hover_enabled=\u00bboff\u00bb button_border_color__hover_enabled=\u00bboff\u00bb button_one_border_color__hover_enabled=\u00bboff\u00bb button_two_border_color__hover_enabled=\u00bboff\u00bb button_border_radius__hover_enabled=\u00bboff\u00bb button_one_border_radius__hover_enabled=\u00bboff\u00bb button_two_border_radius__hover_enabled=\u00bboff\u00bb button_letter_spacing__hover_enabled=\u00bboff\u00bb button_one_letter_spacing__hover_enabled=\u00bboff\u00bb button_two_letter_spacing__hover_enabled=\u00bboff\u00bb button_bg_color__hover_enabled=\u00bboff\u00bb button_one_bg_color__hover_enabled=\u00bboff\u00bb button_two_bg_color__hover_enabled=\u00bboff\u00bb][\/et_pb_contact_field][\/et_pb_contact_form][\/et_pb_column][\/et_pb_row][et_pb_row column_structure=\u00bb1_2,1_2&#8243; _builder_version=\u00bb3.29.3&#8243;][et_pb_column type=\u00bb1_2&#8243; _builder_version=\u00bb3.29.3&#8243;][et_pb_image src=\u00bbhttp:\/\/hotelalvarubeda.es\/wp-content\/uploads\/2020\/02\/ubeda.jpg\u00bb align=\u00bbright\u00bb _builder_version=\u00bb3.29.3&#8243; width=\u00bb30%\u00bb][\/et_pb_image][\/et_pb_column][et_pb_column type=\u00bb1_2&#8243; _builder_version=\u00bb3.29.3&#8243;][et_pb_image src=\u00bbhttp:\/\/hotelalvarubeda.es\/wp-content\/uploads\/2020\/02\/jaen.jpg\u00bb _builder_version=\u00bb3.29.3&#8243; width=\u00bb30%\u00bb][\/et_pb_image][\/et_pb_column][\/et_pb_row][\/et_pb_section]<\/p>\n","protected":false},"excerpt":{"rendered":"<p>\u00dabeda, uno de los pueblos m\u00e1s bonitos de Espa\u00f1aUNA EXPERIENCIA INOLVIDABLECiudad Patrimonio de la Humanidadenclave perfecto para un fin de semana rom\u00e1ntico de paseos entre palacios y edificios renacentistas.En tu ruta por Ja\u00e9n no deben faltar \u00dabeda y Baeza, dos ciudades llenas de historia y encanto, ambas declaradas Patrimonio Cultural de la Humanidad por la [&hellip;]<\/p>\n","protected":false},"author":2,"featured_media":0,"parent":0,"menu_order":0,"comment_status":"closed","ping_status":"closed","template":"","meta":{"_et_pb_use_builder":"on","_et_pb_old_content":"","_et_gb_content_width":""},"_links":{"self":[{"href":"http:\/\/hotelalvarubeda.es\/index.php\/wp-json\/wp\/v2\/pages\/441"}],"collection":[{"href":"http:\/\/hotelalvarubeda.es\/index.php\/wp-json\/wp\/v2\/pages"}],"about":[{"href":"http:\/\/hotelalvarubeda.es\/index.php\/wp-json\/wp\/v2\/types\/page"}],"author":[{"embeddable":true,"href":"http:\/\/hotelalvarubeda.es\/index.php\/wp-json\/wp\/v2\/users\/2"}],"replies":[{"embeddable":true,"href":"http:\/\/hotelalvarubeda.es\/index.php\/wp-json\/wp\/v2\/comments?post=441"}],"version-history":[{"count":22,"href":"http:\/\/hotelalvarubeda.es\/index.php\/wp-json\/wp\/v2\/pages\/441\/revisions"}],"predecessor-version":[{"id":1010,"href":"http:\/\/hotelalvarubeda.es\/index.php\/wp-json\/wp\/v2\/pages\/441\/revisions\/1010"}],"wp:attachment":[{"href":"http:\/\/hotelalvarubeda.es\/index.php\/wp-json\/wp\/v2\/media?parent=441"}],"curies":[{"name":"wp","href":"https:\/\/api.w.org\/{rel}","templated":true}]}}